{"id":6522,"date":"2016-02-02T07:30:31","date_gmt":"2016-02-02T07:30:31","guid":{"rendered":"http:\/\/www.ugartelantegiak.com\/inicio\/"},"modified":"2019-03-22T14:40:14","modified_gmt":"2019-03-22T12:40:14","slug":"inicio-2","status":"publish","type":"page","link":"https:\/\/www.ugartelantegiak.com\/eu\/","title":{"rendered":"Hasiera"},"content":{"rendered":"<div class=\"wpb-content-wrapper\">[mk_page_section bg_image=&#8221;https:\/\/www.ugartelantegiak.com\/wp-content\/uploads\/2016\/02\/ugarte-portada-glossy3.jpg&#8221; bg_image_portrait=&#8221;https:\/\/www.ugartelantegiak.com\/wp-content\/uploads\/2016\/02\/movil-3.png&#8221; attachment=&#8221;fixed&#8221; bg_repeat=&#8221;no-repeat&#8221; bg_stretch=&#8221;true&#8221; video_color_mask=&#8221;rgba(0,0,0,0.1)&#8221; video_opacity=&#8221;0.9&#8243; min_height=&#8221;0&#8243; padding_top=&#8221;0&#8243; padding_bottom=&#8221;200&#8243; top_shape_color=&#8221;#ffffff&#8221; has_bottom_shape_divider=&#8221;true&#8221; bottom_shape_style=&#8221;folded-bottom&#8221; bottom_shape_color=&#8221;#ffffff&#8221; sidebar=&#8221;sidebar-1&#8243;][vc_column][mk_padding_divider size=&#8221;150&#8243; visibility=&#8221;hidden-sm&#8221;][mk_padding_divider size=&#8221;150&#8243;][mk_fancy_title color=&#8221;#ffffff&#8221; size=&#8221;36&#8243; force_font_size=&#8221;true&#8221; size_phone=&#8221;20&#8243; font_weight=&#8221;400&#8243; txt_transform=&#8221;uppercase&#8221; letter_spacing=&#8221;4&#8243; font_family=&#8221;Raleway&#8221; font_type=&#8221;google&#8221;]Finkapen irtenbideak<\/p>\n<p>egoera<\/p>\n<p>larrienetarako[\/mk_fancy_title][mk_fancy_title color=&#8221;#000000&#8243; size=&#8221;13&#8243; force_font_size=&#8221;true&#8221; size_phone=&#8221;10&#8243; font_weight=&#8221;400&#8243; txt_transform=&#8221;uppercase&#8221; letter_spacing=&#8221;4&#8243; font_family=&#8221;Raleway&#8221; font_type=&#8221;google&#8221;]Torlojuak, azkoinak, adatz hariztatuak,<br \/>\nzorroak, buloiak eta planopeko<br \/>\nedozein pabrikazio<br \/>\n10-120 metrika artean[\/mk_fancy_title][mk_button dimension=&#8221;flat&#8221; corner_style=&#8221;rounded&#8221; size=&#8221;large&#8221; icon=&#8221;mk-moon-mail-send&#8221; url=&#8221;\/eu\/harremana\/&#8221; bg_color=&#8221;#e31e24&#8243; btn_hover_bg=&#8221;#5d5e5f&#8221;]BIDALI ZURE ESKAERA[\/mk_button][\/vc_column][\/mk_page_section][vc_row attached=&#8221;true&#8221; column_padding=&#8221;2&#8243; css=&#8221;.vc_custom_1490219044975{margin-bottom: -30px !important;}&#8221;][vc_column width=&#8221;1\/2&#8243;][mk_padding_divider size=&#8221;150&#8243;][mk_fancy_title color=&#8221;#4b4c4d&#8221; size=&#8221;30&#8243; force_font_size=&#8221;true&#8221; size_phone=&#8221;28&#8243; font_weight=&#8221;400&#8243; txt_transform=&#8221;none&#8221; margin_bottom=&#8221;10&#8243; font_family=&#8221;Raleway&#8221; font_type=&#8221;google&#8221;]Ugarte:\u00a0fabrikatzaileak gara[\/mk_fancy_title][vc_column_text]Ugarten 5000 m2 baino gehiagoko instalazioak dauzkagu. Gure produktuen kalitatea, erresistentzia eta iraunkortasuna bermatzen duten fabrikazio-ekipamendu berritzaileak erabiltzen ditugu:[\/vc_column_text][mk_custom_list style=&#8221;e26a&#8221;]\n<ul>\n<li>Beroko forjaketea.<\/li>\n<li>Mekanizazio zentroak eta tornuak.<\/li>\n<li>Kargatzaile automatikoak eta zenbakiozko kontrol konputerizatu bidezkoak.<\/li>\n<li>Makina laguntzaileak: Granailatzeko makinak, zulagailuak eta prentsak.<\/li>\n<li>Brotxatzeko eta artezteko makinak.<\/li>\n<li>Ijezte bidez hariztatzeko makina, 2 eta 3 arrabolekoa.<\/li>\n<li>Neurketa-ekipamendu kalibratuak eta ziurtatuak.<\/li>\n<\/ul>\n[\/mk_custom_list][mk_button dimension=&#8221;flat&#8221; corner_style=&#8221;rounded&#8221; size=&#8221;large&#8221; url=&#8221;\/eu\/harremana\/&#8221; bg_color=&#8221;#e31e24&#8243; btn_hover_bg=&#8221;#5d5e5f&#8221;]Bisita eskatu[\/mk_button][\/vc_column][vc_column width=&#8221;1\/2&#8243;][mk_padding_divider size=&#8221;150&#8243;][mk_fancy_title color=&#8221;#4b4c4d&#8221; size=&#8221;30&#8243; font_weight=&#8221;400&#8243; txt_transform=&#8221;none&#8221; margin_bottom=&#8221;10&#8243; font_family=&#8221;Raleway&#8221; font_type=&#8221;google&#8221;]Balioak ditugu oinarri[\/mk_fancy_title][vc_column_text]Gure produktu guztietan eraginkortasuna, kalitatea eta erresistentzia sustatzen ditugu. Gainera, esperientziaren eta etengabeko berrikuntzaren bermea dugu.[\/vc_column_text][mk_skill_meter_chart percent_1=&#8221;84&#8243; color_1=&#8221;#a3373b&#8221; name_1=&#8221;Eraginkortasuna&#8221; percent_2=&#8221;85&#8243; color_2=&#8221;#c9363b&#8221; name_2=&#8221;Erresistentzia&#8221; percent_3=&#8221;95&#8243; color_3=&#8221;#e2343a&#8221; name_3=&#8221;Kalitatea&#8221; percent_4=&#8221;91&#8243; color_4=&#8221;#e27c80&#8243; name_4=&#8221;Eskarmentua&#8221; percent_5=&#8221;82&#8243; color_5=&#8221;#e2aaad&#8221; default_text=&#8221;Fabrikazioa&#8221; center_color=&#8221;#6f7071&#8243; default_text_color=&#8221;#ffffff&#8221;][\/vc_column][\/vc_row][vc_row][vc_column][mk_padding_divider size=&#8221;120&#8243;][\/vc_column][\/vc_row][mk_page_section bg_color=&#8221;#5d5e5f&#8221; padding_top=&#8221;120&#8243; padding_bottom=&#8221;120&#8243; top_shape_color=&#8221;#ffffff&#8221; bottom_shape_color=&#8221;#ffffff&#8221; sidebar=&#8221;sidebar-1&#8243;][vc_column][mk_ornamental_title text_color=&#8221;#ffffff&#8221; font_family=&#8221;Raleway&#8221; font_type=&#8221;google&#8221; font_size=&#8221;24&#8243; font_weight=&#8221;400&#8243; txt_transform=&#8221;capitalize&#8221; ornament_style=&#8221;lemo-single&#8221; nss_align=&#8221;center&#8221; ornament_color=&#8221;#e31e24&#8243; margin_bottom=&#8221;60&#8243;]Zergatik Ugarte?[\/mk_ornamental_title][vc_row_inner][vc_column_inner width=&#8221;1\/4&#8243;][mk_flipbox flip_direction=&#8221;vertical&#8221; front_background_color=&#8221;#42434c&#8221; back_background_color=&#8221;#707070&#8243; icon_type=&#8221;icon&#8221; icon=&#8221;mk-li-clock&#8221; icon_size=&#8221;64&#8243; icon_color=&#8221;#e31e24&#8243; front_title=&#8221;EMATEKO EPEAK&#8221; front_title_size=&#8221;13&#8243; front_title_color=&#8221;#ffffff&#8221; back_title_size=&#8221;13&#8243; back_title_color=&#8221;#ffffff&#8221; font_weight=&#8221;bold&#8221; front_desc=&#8221;Emateko epeen azkartasunak gure bezeroak bizkorrak eta lehiakorrak izan daitezen laguntzen ditu.&#8221; front_desc_size=&#8221;13&#8243; front_desc_color=&#8221;#ffffff&#8221; back_desc=&#8221;Dagozkigun emateko epeak ia bi asteetan murrizten ditugu, kalitate-estandarrak mantenduta.&#8221; back_desc_size=&#8221;13&#8243; back_desc_color=&#8221;#ffffff&#8221; button_url=&#8221;\/eu\/harremana\/&#8221; button_text=&#8221;HARREMANETAN JARRI&#8221; button_bg_color=&#8221;#e31e24&#8243; button_bg_hover_color=&#8221;#a3161a&#8221;][mk_padding_divider size=&#8221;30&#8243; visibility=&#8221;visible-sm&#8221;][\/vc_column_inner][vc_column_inner width=&#8221;1\/4&#8243;][mk_flipbox flip_direction=&#8221;vertical&#8221; front_background_color=&#8221;#42434c&#8221; back_background_color=&#8221;#707070&#8243; icon_type=&#8221;icon&#8221; icon=&#8221;mk-moon-rulers&#8221; icon_size=&#8221;64&#8243; icon_color=&#8221;#e31e24&#8243; front_title=&#8221;PLANOPEAN&#8221; front_title_size=&#8221;13&#8243; front_title_color=&#8221;#ffffff&#8221; back_title_size=&#8221;13&#8243; back_title_color=&#8221;#ffffff&#8221; font_weight=&#8221;bold&#8221; front_desc=&#8221;Gure bezeroen zehaztasunak jarraituz, eskatzen diskiguten produktuak neurrira eta planopean fabrikatzen ditugu.&#8221; front_desc_size=&#8221;13&#8243; front_desc_color=&#8221;#ffffff&#8221; back_desc=&#8221;Gainera, fabrikazio estandarreko eskaintza zabala daukagu, gure bezero guztien premiak asetzeko.&#8221; back_desc_size=&#8221;13&#8243; back_desc_color=&#8221;#ffffff&#8221; button_url=&#8221;\/eu\/harremana\/&#8221; button_text=&#8221;HARREMANETAN JARRI&#8221; button_bg_color=&#8221;#e31e24&#8243; button_bg_hover_color=&#8221;#a3161a&#8221;][mk_padding_divider size=&#8221;30&#8243; visibility=&#8221;visible-sm&#8221;][\/vc_column_inner][vc_column_inner width=&#8221;1\/4&#8243;][mk_flipbox flip_direction=&#8221;vertical&#8221; front_background_color=&#8221;#42434c&#8221; back_background_color=&#8221;#707070&#8243; icon_type=&#8221;icon&#8221; icon=&#8221;mk-moon-brain&#8221; icon_size=&#8221;64&#8243; icon_color=&#8221;#e31324&#8243; front_title=&#8221;EZAGUTZA TEKNIKOA&#8221; front_title_size=&#8221;13&#8243; front_title_color=&#8221;#ffffff&#8221; back_title_size=&#8221;13&#8243; back_title_color=&#8221;#ffffff&#8221; font_weight=&#8221;bold&#8221; front_desc=&#8221;Bezeroek eskatzen dizkigutzen fabrikazioei irtenbideak bilatzeko gai den lantalde taknikoa daukagu.&#8221; front_desc_size=&#8221;13&#8243; front_desc_color=&#8221;#ffffff&#8221; back_desc=&#8221;Gainera, ezagutza zabala dugu fabrikazio prozesuak eta gure produktuen erabileraz.&#8221; back_desc_size=&#8221;13&#8243; back_desc_color=&#8221;#ffffff&#8221; button_url=&#8221;\/eu\/harremana\/&#8221; button_text=&#8221;HARREMANETAN JARRI&#8221; button_bg_color=&#8221;#e31e24&#8243; button_bg_hover_color=&#8221;#a31e24&#8243;][mk_padding_divider size=&#8221;30&#8243; visibility=&#8221;visible-sm&#8221;][\/vc_column_inner][vc_column_inner width=&#8221;1\/4&#8243;][mk_flipbox flip_direction=&#8221;vertical&#8221; front_background_color=&#8221;#42434c&#8221; back_background_color=&#8221;#707070&#8243; icon_type=&#8221;icon&#8221; icon=&#8221;mk-moon-medal-3&#8243; icon_size=&#8221;64&#8243; icon_color=&#8221;#e31e24&#8243; front_title=&#8221;KALITATEA&#8221; front_title_size=&#8221;13&#8243; front_title_color=&#8221;#ffffff&#8221; back_title_size=&#8221;13&#8243; back_title_color=&#8221;#ffffff&#8221; font_weight=&#8221;bold&#8221; front_desc=&#8221;Gure sektoreko kalitate-estandarrak betetzen ditugu, bezeroei eskaintzen diegun produktua bermatuz.&#8221; front_desc_size=&#8221;13&#8243; front_desc_color=&#8221;#ffffff&#8221; back_desc=&#8221;ISO 9001: 3.1 eta 3.2, DNV, Lloyds eta ABS ziurtagiriak dauzkagu.&#8221; back_desc_size=&#8221;13&#8243; back_desc_color=&#8221;#ffffff&#8221; button_url=&#8221;\/eu\/harremana\/&#8221; button_text=&#8221;HARREMANETAN JARRI&#8221; button_bg_color=&#8221;#e31e24&#8243; button_bg_hover_color=&#8221;#a3161a&#8221;][\/vc_column_inner][\/vc_row_inner][\/vc_column][\/mk_page_section][vc_row][vc_column width=&#8221;1\/2&#8243;][mk_padding_divider size=&#8221;150&#8243;][mk_ornamental_title text_color=&#8221;#4b4c4d&#8221; font_family=&#8221;Raleway&#8221; font_type=&#8221;google&#8221; font_size=&#8221;24&#8243; font_weight=&#8221;400&#8243; txt_transform=&#8221;capitalize&#8221; ornament_style=&#8221;lemo-single&#8221; ornament_color=&#8221;#e31e24&#8243; margin_bottom=&#8221;60&#8243;]Gure Bezeroak[\/mk_ornamental_title][mk_fancy_title color=&#8221;#4b4c4d&#8221; size=&#8221;30&#8243; font_weight=&#8221;400&#8243; txt_transform=&#8221;none&#8221; font_family=&#8221;Raleway&#8221; font_type=&#8221;google&#8221;]Finkapen elementuak egiten ditugu enpresa handientzako eta askotariko sektoretan.[\/mk_fancy_title][mk_fancy_title color=&#8221;#5d5e5f&#8221; size=&#8221;13&#8243; line_height=&#8221;160&#8243; font_weight=&#8221;400&#8243; txt_transform=&#8221;none&#8221; margin_bottom=&#8221;10&#8243; font_family=&#8221;Raleway&#8221; font_type=&#8221;google&#8221;]Esperientzia handiko hornitzaileak gara. Gure bezeroek ziurkatu dezaketen moduan, erreferenteak gara honako sektoreetan: eraikuntza zibila, ibilgailu industrialak, makina astunak, nekazaritza, itsasontzi eta energia-makinak&#8230;[\/mk_fancy_title][mk_clients style=&#8221;column&#8221; gutter_space=&#8221;10&#8243; count=&#8221;6&#8243;][\/vc_column][vc_column width=&#8221;1\/2&#8243;][mk_padding_divider size=&#8221;300&#8243; visibility=&#8221;hidden-sm&#8221;][mk_image src=&#8221;https:\/\/www.ugartelantegiak.com\/wp-content\/uploads\/2016\/01\/employees-02.jpg&#8221; image_size=&#8221;full&#8221; margin_bottom=&#8221;0&#8243; animation=&#8221;right-to-left&#8221;][\/vc_column][\/vc_row][mk_page_section bg_color=&#8221;#5d5e5f&#8221; padding_top=&#8221;120&#8243; padding_bottom=&#8221;120&#8243; sidebar=&#8221;sidebar-1&#8243;][vc_column width=&#8221;1\/2&#8243;][mk_ornamental_title text_color=&#8221;#ffffff&#8221; font_family=&#8221;Raleway&#8221; font_type=&#8221;google&#8221; font_size=&#8221;24&#8243; font_weight=&#8221;400&#8243; txt_transform=&#8221;capitalize&#8221; ornament_style=&#8221;lemo-single&#8221; ornament_color=&#8221;#e31e24&#8243; margin_bottom=&#8221;60&#8243;]Nazioarteko Ikuspegia[\/mk_ornamental_title][mk_fancy_title color=&#8221;#ffffff&#8221; size=&#8221;13&#8243; line_height=&#8221;160&#8243; font_weight=&#8221;400&#8243; txt_transform=&#8221;none&#8221; font_family=&#8221;Raleway&#8221; font_type=&#8221;google&#8221;]Ugarten nazioartekotzearen alde egiten dugu: ekoizpenaren zati bat esportatzen dugu, bereziki Europara eta Latinoamerikara. Gure produktuak sektore berritzaileenetan eta munduko eraikuntza ezagunenetan daude; adibidez, Panamako Kanal berrian.<br \/>\nGure produktuak zure herrialdean banatu nahi dituzu?[\/mk_fancy_title][vc_row_inner is_fullwidth_content=&#8221;false&#8221;][vc_column_inner][mk_font_icons icon=&#8221;mk-moon-bubbles&#8221; color=&#8221;#e31e24&#8243; size=&#8221;x-large&#8221; align=&#8221;left&#8221;][mk_fancy_title color=&#8221;#ffffff&#8221; size=&#8221;20&#8243; line_height=&#8221;160&#8243; font_weight=&#8221;400&#8243; txt_transform=&#8221;capitalize&#8221; margin_top=&#8221;15&#8243; font_family=&#8221;Raleway&#8221; font_type=&#8221;google&#8221;]Gurekin hitz egin![\/mk_fancy_title][\/vc_column_inner][\/vc_row_inner][\/vc_column][vc_column width=&#8221;1\/2&#8243;][mk_image src=&#8221;https:\/\/www.ugartelantegiak.com\/wp-content\/uploads\/2016\/02\/mapa.png&#8221; image_size=&#8221;full&#8221; align=&#8221;center&#8221;][\/vc_column][\/mk_page_section]\n<\/div>","protected":false},"excerpt":{"rendered":"<p>[mk_page_section bg_image=&#8221;https:\/\/www.ugartelantegiak.com\/wp-content\/uploads\/2016\/02\/ugarte-portada-glossy3.jpg&#8221; bg_image_portrait=&#8221;https:\/\/www.ugartelantegiak.com\/wp-content\/uploads\/2016\/02\/movil-3.png&#8221; attachment=&#8221;fixed&#8221; bg_repeat=&#8221;no-repeat&#8221; bg_stretch=&#8221;true&#8221; video_color_mask=&#8221;rgba(0,0,0,0.1)&#8221; video_opacity=&#8221;0.9&#8243; min_height=&#8221;0&#8243; padding_top=&#8221;0&#8243; padding_bottom=&#8221;200&#8243; top_shape_color=&#8221;#ffffff&#8221; has_bottom_shape_divider=&#8221;true&#8221; bottom_shape_style=&#8221;folded-bottom&#8221; bottom_shape_color=&#8221;#ffffff&#8221; sidebar=&#8221;sidebar-1&#8243;][vc_column][mk_padding_divider size=&#8221;150&#8243; visibility=&#8221;hidden-sm&#8221;][mk_padding_divider size=&#8221;150&#8243;][mk_fancy_title color=&#8221;#ffffff&#8221; size=&#8221;36&#8243; force_font_size=&#8221;true&#8221; size_phone=&#8221;20&#8243; font_weight=&#8221;400&#8243; txt_transform=&#8221;uppercase&#8221; letter_spacing=&#8221;4&#8243; font_family=&#8221;Raleway&#8221; font_type=&#8221;google&#8221;]Finkapen irtenbideak egoera larrienetarako[\/mk_fancy_title][mk_fancy_title color=&#8221;#000000&#8243; size=&#8221;13&#8243; force_font_size=&#8221;true&#8221; size_phone=&#8221;10&#8243; font_weight=&#8221;400&#8243; txt_transform=&#8221;uppercase&#8221; letter_spacing=&#8221;4&#8243; font_family=&#8221;Raleway&#8221; font_type=&#8221;google&#8221;]Torlojuak, azkoinak, adatz hariztatuak, zorroak, buloiak eta planopeko edozein pabrikazio 10-120 metrika artean[\/mk_fancy_title][mk_button dimension=&#8221;flat&#8221; corner_style=&#8221;rounded&#8221; size=&#8221;large&#8221; [&hellip;]<\/p>\n","protected":false},"author":2,"featured_media":0,"parent":0,"menu_order":0,"comment_status":"closed","ping_status":"closed","template":"","meta":{"footnotes":""},"class_list":["post-6522","page","type-page","status-publish","hentry"],"yoast_head":"<!-- This site is optimized with the Yoast SEO plugin v27.2 - https:\/\/yoast.com\/product\/yoast-seo-wordpress\/ -->\n<title>Ugarte Lantegiak: Soluciones de fijaci\u00f3n para las situaciones m\u00e1s criticas.<\/title>\n<meta name=\"description\" content=\"Ugarte Lantegiak: Soluciones de fijaci\u00f3n para las situaciones m\u00e1s criticas. Tornillos, tuercas, ejes roscados, casquillos, bulones..\" \/>\n<meta name=\"robots\" content=\"index, follow, max-snippet:-1, max-image-preview:large, max-video-preview:-1\" \/>\n<link rel=\"canonical\" href=\"https:\/\/www.ugartelantegiak.com\/\" \/>\n<meta property=\"og:locale\" content=\"eu_ES\" \/>\n<meta property=\"og:type\" content=\"article\" \/>\n<meta property=\"og:title\" content=\"Ugarte Lantegiak: Soluciones de fijaci\u00f3n para las situaciones m\u00e1s criticas.\" \/>\n<meta property=\"og:description\" content=\"Ugarte Lantegiak: Soluciones de fijaci\u00f3n para las situaciones m\u00e1s criticas. Tornillos, tuercas, ejes roscados, casquillos, bulones..\" \/>\n<meta property=\"og:url\" content=\"https:\/\/www.ugartelantegiak.com\/\" \/>\n<meta property=\"og:site_name\" content=\"Ugarte Lantegiak\" \/>\n<meta property=\"article:publisher\" content=\"https:\/\/www.facebook.com\/ugartelantegiak\" \/>\n<meta property=\"article:modified_time\" content=\"2019-03-22T12:40:14+00:00\" \/>\n<meta name=\"twitter:card\" content=\"summary_large_image\" \/>\n<meta name=\"twitter:site\" content=\"@ugartelantegiak\" \/>\n<meta name=\"twitter:label1\" content=\"Est. reading time\" \/>\n\t<meta name=\"twitter:data1\" content=\"7 minutes\" \/>\n<script type=\"application\/ld+json\" class=\"yoast-schema-graph\">{\"@context\":\"https:\/\/schema.org\",\"@graph\":[{\"@type\":\"WebPage\",\"@id\":\"https:\/\/www.ugartelantegiak.com\/\",\"url\":\"https:\/\/www.ugartelantegiak.com\/\",\"name\":\"Ugarte Lantegiak: Soluciones de fijaci\u00f3n para las situaciones m\u00e1s criticas.\",\"isPartOf\":{\"@id\":\"https:\/\/www.ugartelantegiak.com\/#website\"},\"datePublished\":\"2016-02-02T07:30:31+00:00\",\"dateModified\":\"2019-03-22T12:40:14+00:00\",\"description\":\"Ugarte Lantegiak: Soluciones de fijaci\u00f3n para las situaciones m\u00e1s criticas. Tornillos, tuercas, ejes roscados, casquillos, bulones..\",\"breadcrumb\":{\"@id\":\"https:\/\/www.ugartelantegiak.com\/#breadcrumb\"},\"inLanguage\":\"eu-ES\",\"potentialAction\":[{\"@type\":\"ReadAction\",\"target\":[\"https:\/\/www.ugartelantegiak.com\/\"]}]},{\"@type\":\"BreadcrumbList\",\"@id\":\"https:\/\/www.ugartelantegiak.com\/#breadcrumb\",\"itemListElement\":[{\"@type\":\"ListItem\",\"position\":1,\"name\":\"Portada\",\"item\":\"https:\/\/www.ugartelantegiak.com\/\"},{\"@type\":\"ListItem\",\"position\":2,\"name\":\"Hasiera\"}]},{\"@type\":\"WebSite\",\"@id\":\"https:\/\/www.ugartelantegiak.com\/#website\",\"url\":\"https:\/\/www.ugartelantegiak.com\/\",\"name\":\"Ugarte Lantegiak\",\"description\":\"Tornillos y elementos de sujeci\u00f3n industrial\",\"publisher\":{\"@id\":\"https:\/\/www.ugartelantegiak.com\/#organization\"},\"potentialAction\":[{\"@type\":\"SearchAction\",\"target\":{\"@type\":\"EntryPoint\",\"urlTemplate\":\"https:\/\/www.ugartelantegiak.com\/?s={search_term_string}\"},\"query-input\":{\"@type\":\"PropertyValueSpecification\",\"valueRequired\":true,\"valueName\":\"search_term_string\"}}],\"inLanguage\":\"eu-ES\"},{\"@type\":\"Organization\",\"@id\":\"https:\/\/www.ugartelantegiak.com\/#organization\",\"name\":\"Ugarte Lantegiak\",\"url\":\"https:\/\/www.ugartelantegiak.com\/\",\"logo\":{\"@type\":\"ImageObject\",\"inLanguage\":\"eu-ES\",\"@id\":\"https:\/\/www.ugartelantegiak.com\/#\/schema\/logo\/image\/\",\"url\":\"https:\/\/www.ugartelantegiak.com\/wp-content\/uploads\/2019\/03\/logo-ugarte.png\",\"contentUrl\":\"https:\/\/www.ugartelantegiak.com\/wp-content\/uploads\/2019\/03\/logo-ugarte.png\",\"width\":1000,\"height\":300,\"caption\":\"Ugarte Lantegiak\"},\"image\":{\"@id\":\"https:\/\/www.ugartelantegiak.com\/#\/schema\/logo\/image\/\"},\"sameAs\":[\"https:\/\/www.facebook.com\/ugartelantegiak\",\"https:\/\/x.com\/ugartelantegiak\",\"https:\/\/www.linkedin.com\/company\/ugartelantegiak\"]}]}<\/script>\n<!-- \/ Yoast SEO plugin. -->","yoast_head_json":{"title":"Ugarte Lantegiak: Soluciones de fijaci\u00f3n para las situaciones m\u00e1s criticas.","description":"Ugarte Lantegiak: Soluciones de fijaci\u00f3n para las situaciones m\u00e1s criticas. Tornillos, tuercas, ejes roscados, casquillos, bulones..","robots":{"index":"index","follow":"follow","max-snippet":"max-snippet:-1","max-image-preview":"max-image-preview:large","max-video-preview":"max-video-preview:-1"},"canonical":"https:\/\/www.ugartelantegiak.com\/","og_locale":"eu_ES","og_type":"article","og_title":"Ugarte Lantegiak: Soluciones de fijaci\u00f3n para las situaciones m\u00e1s criticas.","og_description":"Ugarte Lantegiak: Soluciones de fijaci\u00f3n para las situaciones m\u00e1s criticas. Tornillos, tuercas, ejes roscados, casquillos, bulones..","og_url":"https:\/\/www.ugartelantegiak.com\/","og_site_name":"Ugarte Lantegiak","article_publisher":"https:\/\/www.facebook.com\/ugartelantegiak","article_modified_time":"2019-03-22T12:40:14+00:00","twitter_card":"summary_large_image","twitter_site":"@ugartelantegiak","twitter_misc":{"Est. reading time":"7 minutes"},"schema":{"@context":"https:\/\/schema.org","@graph":[{"@type":"WebPage","@id":"https:\/\/www.ugartelantegiak.com\/","url":"https:\/\/www.ugartelantegiak.com\/","name":"Ugarte Lantegiak: Soluciones de fijaci\u00f3n para las situaciones m\u00e1s criticas.","isPartOf":{"@id":"https:\/\/www.ugartelantegiak.com\/#website"},"datePublished":"2016-02-02T07:30:31+00:00","dateModified":"2019-03-22T12:40:14+00:00","description":"Ugarte Lantegiak: Soluciones de fijaci\u00f3n para las situaciones m\u00e1s criticas. Tornillos, tuercas, ejes roscados, casquillos, bulones..","breadcrumb":{"@id":"https:\/\/www.ugartelantegiak.com\/#breadcrumb"},"inLanguage":"eu-ES","potentialAction":[{"@type":"ReadAction","target":["https:\/\/www.ugartelantegiak.com\/"]}]},{"@type":"BreadcrumbList","@id":"https:\/\/www.ugartelantegiak.com\/#breadcrumb","itemListElement":[{"@type":"ListItem","position":1,"name":"Portada","item":"https:\/\/www.ugartelantegiak.com\/"},{"@type":"ListItem","position":2,"name":"Hasiera"}]},{"@type":"WebSite","@id":"https:\/\/www.ugartelantegiak.com\/#website","url":"https:\/\/www.ugartelantegiak.com\/","name":"Ugarte Lantegiak","description":"Tornillos y elementos de sujeci\u00f3n industrial","publisher":{"@id":"https:\/\/www.ugartelantegiak.com\/#organization"},"potentialAction":[{"@type":"SearchAction","target":{"@type":"EntryPoint","urlTemplate":"https:\/\/www.ugartelantegiak.com\/?s={search_term_string}"},"query-input":{"@type":"PropertyValueSpecification","valueRequired":true,"valueName":"search_term_string"}}],"inLanguage":"eu-ES"},{"@type":"Organization","@id":"https:\/\/www.ugartelantegiak.com\/#organization","name":"Ugarte Lantegiak","url":"https:\/\/www.ugartelantegiak.com\/","logo":{"@type":"ImageObject","inLanguage":"eu-ES","@id":"https:\/\/www.ugartelantegiak.com\/#\/schema\/logo\/image\/","url":"https:\/\/www.ugartelantegiak.com\/wp-content\/uploads\/2019\/03\/logo-ugarte.png","contentUrl":"https:\/\/www.ugartelantegiak.com\/wp-content\/uploads\/2019\/03\/logo-ugarte.png","width":1000,"height":300,"caption":"Ugarte Lantegiak"},"image":{"@id":"https:\/\/www.ugartelantegiak.com\/#\/schema\/logo\/image\/"},"sameAs":["https:\/\/www.facebook.com\/ugartelantegiak","https:\/\/x.com\/ugartelantegiak","https:\/\/www.linkedin.com\/company\/ugartelantegiak"]}]}},"amp_enabled":false,"_links":{"self":[{"href":"https:\/\/www.ugartelantegiak.com\/eu\/wp-json\/wp\/v2\/pages\/6522","targetHints":{"allow":["GET"]}}],"collection":[{"href":"https:\/\/www.ugartelantegiak.com\/eu\/wp-json\/wp\/v2\/pages"}],"about":[{"href":"https:\/\/www.ugartelantegiak.com\/eu\/wp-json\/wp\/v2\/types\/page"}],"author":[{"embeddable":true,"href":"https:\/\/www.ugartelantegiak.com\/eu\/wp-json\/wp\/v2\/users\/2"}],"replies":[{"embeddable":true,"href":"https:\/\/www.ugartelantegiak.com\/eu\/wp-json\/wp\/v2\/comments?post=6522"}],"version-history":[{"count":12,"href":"https:\/\/www.ugartelantegiak.com\/eu\/wp-json\/wp\/v2\/pages\/6522\/revisions"}],"predecessor-version":[{"id":7080,"href":"https:\/\/www.ugartelantegiak.com\/eu\/wp-json\/wp\/v2\/pages\/6522\/revisions\/7080"}],"wp:attachment":[{"href":"https:\/\/www.ugartelantegiak.com\/eu\/wp-json\/wp\/v2\/media?parent=6522"}],"curies":[{"name":"wp","href":"https:\/\/api.w.org\/{rel}","templated":true}]}}