{"id":6347,"date":"2016-02-02T07:40:55","date_gmt":"2016-02-02T07:40:55","guid":{"rendered":"http:\/\/www.ugartelantegiak.com\/sectores\/"},"modified":"2019-03-22T10:30:16","modified_gmt":"2019-03-22T08:30:16","slug":"sectors-2","status":"publish","type":"page","link":"https:\/\/www.ugartelantegiak.com\/en\/sectors-2\/","title":{"rendered":"Sectors"},"content":{"rendered":"<div class=\"wpb-content-wrapper\">[mk_page_section bg_image=&#8221;https:\/\/www.ugartelantegiak.com\/wp-content\/uploads\/2019\/02\/eolico_ugarte1.jpg&#8221; attachment=&#8221;fixed&#8221; bg_repeat=&#8221;no-repeat&#8221; bg_stretch=&#8221;true&#8221; video_color_mask=&#8221;rgba(0,0,0,0.1)&#8221; video_opacity=&#8221;0.9&#8243; min_height=&#8221;0&#8243; padding_top=&#8221;250&#8243; padding_bottom=&#8221;150&#8243; top_shape_color=&#8221;#ffffff&#8221; bottom_shape_color=&#8221;#ffffff&#8221; sidebar=&#8221;sidebar-1&#8243;][vc_column][mk_fancy_title color=&#8221;#ffffff&#8221; size=&#8221;36&#8243; force_font_size=&#8221;true&#8221; size_phone=&#8221;20&#8243; font_weight=&#8221;400&#8243; txt_transform=&#8221;uppercase&#8221; letter_spacing=&#8221;4&#8243; font_family=&#8221;Raleway&#8221; font_type=&#8221;google&#8221; el_class=&#8221;sombra&#8221;]Fastening solutions<br \/>\nfor the most innovate sectors.[\/mk_fancy_title][mk_fancy_title color=&#8221;#ffffff&#8221; size=&#8221;13&#8243; force_font_size=&#8221;true&#8221; size_phone=&#8221;10&#8243; font_weight=&#8221;400&#8243; txt_transform=&#8221;uppercase&#8221; letter_spacing=&#8221;4&#8243; font_family=&#8221;Raleway&#8221; font_type=&#8221;google&#8221; el_class=&#8221;sombra&#8221;]Customized solutions.[\/mk_fancy_title][\/vc_column][\/mk_page_section][vc_row][vc_column width=&#8221;1\/2&#8243;][mk_padding_divider size=&#8221;150&#8243;][mk_fancy_title color=&#8221;#34334f&#8221; size=&#8221;30&#8243; font_weight=&#8221;400&#8243; txt_transform=&#8221;none&#8221; margin_bottom=&#8221;10&#8243; font_family=&#8221;Raleway&#8221; font_type=&#8221;google&#8221;]Our products offer confidence and safety in the most innovate sectors.[\/mk_fancy_title][mk_custom_list style=&#8221;e26a&#8221;]\n<ul>\n<li>We manufacture fastenings.<\/li>\n<li>We manufacture customized products.<\/li>\n<li>From 10mm to 120mm.<\/li>\n<li>ISO 9001 3.1 \/ 3.2 certified.<\/li>\n<\/ul>\n[\/mk_custom_list][\/vc_column][vc_column width=&#8221;1\/2&#8243;][mk_padding_divider size=&#8221;150&#8243;][mk_fancy_title color=&#8221;#34334f&#8221; size=&#8221;30&#8243; font_weight=&#8221;400&#8243; txt_transform=&#8221;capitalize&#8221; margin_bottom=&#8221;15&#8243; font_family=&#8221;Raleway&#8221; font_type=&#8221;google&#8221;]International services[\/mk_fancy_title][vc_column_text]Our history, linked to the Basque industrial sector, and our experience manufacturing fastening since 1966 make Ugarte a solid and professional organization capable of offering through its products the most secure guarantee and highest level of innovation in the international market.[\/vc_column_text][vc_column_text]The most demanding sectors at a global level need reliable products with high quality standards. Ugarte products are present in the world&#8217;s most emblematic such as the new Panama Canal.[\/vc_column_text][\/vc_column][\/vc_row][vc_row][vc_column][mk_padding_divider size=&#8221;100&#8243;][\/vc_column][\/vc_row][vc_row][vc_column width=&#8221;1\/3&#8243;][mk_custom_box padding_vertical=&#8221;60&#8243; padding_horizental=&#8221;10&#8243; margin_bottom=&#8221;0&#8243; bg_image=&#8221;https:\/\/www.ugartelantegiak.com\/wp-content\/uploads\/2016\/02\/obra_civil600x450.jpg&#8221; overlay_color=&#8221;rgba(255,255,255,0.5)&#8221; bg_stretch=&#8221;true&#8221;][mk_ornamental_title text_color=&#8221;#404040&#8243; font_family=&#8221;Raleway&#8221; font_type=&#8221;google&#8221; font_size=&#8221;24&#8243; font_weight=&#8221;500&#8243; txt_transform=&#8221;capitalize&#8221; ornament_style=&#8221;lemo-single&#8221; nss_align=&#8221;center&#8221; ornament_color=&#8221;#ee3e24&#8243; margin_bottom=&#8221;0&#8243;]Civil works[\/mk_ornamental_title][mk_padding_divider size=&#8221;120&#8243;][mk_button dimension=&#8221;flat&#8221; corner_style=&#8221;rounded&#8221; size=&#8221;large&#8221; url=&#8221;\/en\/sectors\/civil-works\/&#8221; align=&#8221;center&#8221; margin_bottom=&#8221;0&#8243; bg_color=&#8221;#e31e24&#8243; btn_hover_bg=&#8221;#ffffff&#8221; btn_hover_txt_color=&#8221;#e31e24&#8243;]+ INFO[\/mk_button][\/mk_custom_box][mk_padding_divider size=&#8221;30&#8243; visibility=&#8221;visible-sm&#8221;][\/vc_column][vc_column width=&#8221;1\/3&#8243;][mk_custom_box padding_vertical=&#8221;60&#8243; padding_horizental=&#8221;10&#8243; margin_bottom=&#8221;0&#8243; bg_image=&#8221;https:\/\/www.ugartelantegiak.com\/wp-content\/uploads\/2016\/02\/vehculos_industrial600x450.jpg&#8221; overlay_color=&#8221;rgba(255,255,255,0.5)&#8221; bg_stretch=&#8221;true&#8221;][mk_ornamental_title text_color=&#8221;#404040&#8243; font_family=&#8221;Raleway&#8221; font_type=&#8221;google&#8221; font_size=&#8221;24&#8243; font_weight=&#8221;500&#8243; txt_transform=&#8221;capitalize&#8221; ornament_style=&#8221;lemo-single&#8221; nss_align=&#8221;center&#8221; ornament_color=&#8221;#ee3e24&#8243; margin_bottom=&#8221;0&#8243;]Industrial Vehicles[\/mk_ornamental_title][mk_padding_divider size=&#8221;120&#8243;][mk_button dimension=&#8221;flat&#8221; corner_style=&#8221;rounded&#8221; size=&#8221;large&#8221; url=&#8221;\/en\/sectors\/industrial-vehicles&#8221; align=&#8221;center&#8221; margin_bottom=&#8221;0&#8243; bg_color=&#8221;#e31e24&#8243; btn_hover_bg=&#8221;#ffffff&#8221; btn_hover_txt_color=&#8221;#e31e24&#8243;]+ INFO[\/mk_button][\/mk_custom_box][\/vc_column][vc_column width=&#8221;1\/3&#8243;][mk_custom_box padding_vertical=&#8221;60&#8243; padding_horizental=&#8221;10&#8243; margin_bottom=&#8221;0&#8243; bg_image=&#8221;https:\/\/www.ugartelantegiak.com\/wp-content\/uploads\/2016\/02\/agricola_600x450.jpg&#8221; overlay_color=&#8221;rgba(255,255,255,0.5)&#8221; bg_stretch=&#8221;true&#8221;][mk_ornamental_title text_color=&#8221;#404040&#8243; font_family=&#8221;Raleway&#8221; font_type=&#8221;google&#8221; font_size=&#8221;24&#8243; font_weight=&#8221;500&#8243; txt_transform=&#8221;capitalize&#8221; ornament_style=&#8221;lemo-single&#8221; nss_align=&#8221;center&#8221; ornament_color=&#8221;#e31e24&#8243; margin_bottom=&#8221;0&#8243;]Agricultural Machinery[\/mk_ornamental_title][mk_padding_divider size=&#8221;120&#8243;][mk_button dimension=&#8221;flat&#8221; corner_style=&#8221;rounded&#8221; size=&#8221;large&#8221; url=&#8221;\/en\/sectors\/agricultural-machinery&#8221; align=&#8221;center&#8221; margin_bottom=&#8221;0&#8243; bg_color=&#8221;#e31e24&#8243; btn_hover_bg=&#8221;#ffffff&#8221; btn_hover_txt_color=&#8221;#e31e24&#8243;]+ INFO[\/mk_button][\/mk_custom_box][\/vc_column][\/vc_row][vc_row][vc_column][mk_padding_divider size=&#8221;50&#8243;][\/vc_column][\/vc_row][vc_row][vc_column width=&#8221;1\/3&#8243;][mk_custom_box padding_vertical=&#8221;60&#8243; padding_horizental=&#8221;10&#8243; margin_bottom=&#8221;0&#8243; bg_image=&#8221;https:\/\/www.ugartelantegiak.com\/wp-content\/uploads\/2016\/02\/mineria_600x450.jpg&#8221; overlay_color=&#8221;rgba(255,255,255,0.5)&#8221; bg_stretch=&#8221;true&#8221;][mk_ornamental_title text_color=&#8221;#404040&#8243; font_family=&#8221;Raleway&#8221; font_type=&#8221;google&#8221; font_size=&#8221;24&#8243; font_weight=&#8221;500&#8243; txt_transform=&#8221;capitalize&#8221; ornament_style=&#8221;lemo-single&#8221; nss_align=&#8221;center&#8221; ornament_color=&#8221;#e31e24&#8243; margin_bottom=&#8221;0&#8243;]Mining[\/mk_ornamental_title][mk_padding_divider size=&#8221;120&#8243;][mk_button dimension=&#8221;flat&#8221; corner_style=&#8221;rounded&#8221; size=&#8221;large&#8221; url=&#8221;\/en\/sectors\/mining&#8221; align=&#8221;center&#8221; margin_bottom=&#8221;0&#8243; bg_color=&#8221;#e31e24&#8243; btn_hover_bg=&#8221;#ffffff&#8221; btn_hover_txt_color=&#8221;#e31e24&#8243;]+ INFO[\/mk_button][\/mk_custom_box][mk_padding_divider size=&#8221;30&#8243; visibility=&#8221;visible-sm&#8221;][\/vc_column][vc_column width=&#8221;1\/3&#8243;][mk_custom_box padding_vertical=&#8221;60&#8243; padding_horizental=&#8221;10&#8243; margin_bottom=&#8221;0&#8243; bg_image=&#8221;https:\/\/www.ugartelantegiak.com\/wp-content\/uploads\/2016\/02\/naval_600x450.jpg&#8221; overlay_color=&#8221;rgba(255,255,255,0.5)&#8221; bg_stretch=&#8221;true&#8221;][mk_ornamental_title text_color=&#8221;#404040&#8243; font_family=&#8221;Raleway&#8221; font_type=&#8221;google&#8221; font_size=&#8221;24&#8243; font_weight=&#8221;500&#8243; txt_transform=&#8221;capitalize&#8221; ornament_style=&#8221;lemo-single&#8221; nss_align=&#8221;center&#8221; ornament_color=&#8221;#e31e24&#8243; margin_bottom=&#8221;0&#8243;]Maritime\u00a0Sector[\/mk_ornamental_title][mk_padding_divider size=&#8221;120&#8243;][mk_button dimension=&#8221;flat&#8221; corner_style=&#8221;rounded&#8221; size=&#8221;large&#8221; url=&#8221;\/en\/sectors\/maritime-sector&#8221; align=&#8221;center&#8221; margin_bottom=&#8221;0&#8243; bg_color=&#8221;#e31e24&#8243; btn_hover_bg=&#8221;#ffffff&#8221; btn_hover_txt_color=&#8221;#e31e24&#8243;]+ INFO[\/mk_button][\/mk_custom_box][mk_padding_divider size=&#8221;30&#8243; visibility=&#8221;visible-sm&#8221;][\/vc_column][vc_column width=&#8221;1\/3&#8243;][mk_custom_box padding_vertical=&#8221;60&#8243; padding_horizental=&#8221;10&#8243; margin_bottom=&#8221;0&#8243; bg_image=&#8221;https:\/\/www.ugartelantegiak.com\/wp-content\/uploads\/2016\/02\/renovables_600x450.jpg&#8221; overlay_color=&#8221;rgba(255,255,255,0.5)&#8221; bg_stretch=&#8221;true&#8221;][mk_ornamental_title text_color=&#8221;#404040&#8243; font_family=&#8221;Raleway&#8221; font_type=&#8221;google&#8221; font_size=&#8221;24&#8243; font_weight=&#8221;400&#8243; txt_transform=&#8221;capitalize&#8221; ornament_style=&#8221;lemo-single&#8221; nss_align=&#8221;center&#8221; ornament_color=&#8221;#e31e24&#8243; margin_bottom=&#8221;0&#8243;]Energy Sector[\/mk_ornamental_title][mk_padding_divider size=&#8221;120&#8243;][mk_button dimension=&#8221;flat&#8221; corner_style=&#8221;rounded&#8221; size=&#8221;large&#8221; url=&#8221;\/en\/sectors\/energy-sector&#8221; align=&#8221;center&#8221; margin_bottom=&#8221;0&#8243; bg_color=&#8221;#e31e24&#8243; btn_hover_bg=&#8221;#ffffff&#8221; btn_hover_txt_color=&#8221;#e31e24&#8243;]+ INFO[\/mk_button][\/mk_custom_box][\/vc_column][\/vc_row][vc_row][vc_column][mk_padding_divider size=&#8221;140&#8243;][\/vc_column][\/vc_row][mk_page_section bg_image=&#8221;https:\/\/www.ugartelantegiak.com\/wp-content\/uploads\/2016\/02\/sectores_seguridad_tornillos_1920x600c.jpg&#8221; bg_position=&#8221;right top&#8221; bg_repeat=&#8221;no-repeat&#8221; bg_gradient=&#8221;horizontal&#8221; video_color_mask=&#8221;#e31324&#8243; min_height=&#8221;400&#8243; padding_top=&#8221;140&#8243; padding_bottom=&#8221;130&#8243; top_shape_color=&#8221;#ffffff&#8221; bottom_shape_color=&#8221;#ffffff&#8221; sidebar=&#8221;sidebar-1&#8243;][vc_column width=&#8221;1\/2&#8243;][mk_fancy_title color=&#8221;#ffffff&#8221; size=&#8221;30&#8243; force_font_size=&#8221;true&#8221; size_phone=&#8221;20&#8243; font_weight=&#8221;400&#8243; txt_transform=&#8221;none&#8221; margin_bottom=&#8221;10&#8243; font_family=&#8221;Raleway&#8221; font_type=&#8221;google&#8221;]Research Development Innovation for clients in the most dynamic sectors. We make to measure![\/mk_fancy_title][mk_padding_divider][mk_button dimension=&#8221;flat&#8221; corner_style=&#8221;rounded&#8221; size=&#8221;large&#8221; url=&#8221;\/en\/contact&#8221; bg_color=&#8221;#ffffff&#8221; btn_hover_bg=&#8221;#404040&#8243; text_color=&#8221;dark&#8221; btn_hover_txt_color=&#8221;#ffffff&#8221;]Ask Us[\/mk_button][\/vc_column][vc_column width=&#8221;1\/2&#8243;][\/vc_column][\/mk_page_section][mk_page_section bg_color=&#8221;#404040&#8243; bg_repeat=&#8221;no-repeat&#8221; bg_stretch=&#8221;true&#8221; full_width=&#8221;true&#8221; padding_top=&#8221;140&#8243; padding_bottom=&#8221;100&#8243; sidebar=&#8221;sidebar-1&#8243;][vc_column][mk_ornamental_title text_color=&#8221;#ffffff&#8221; font_family=&#8221;Raleway&#8221; font_type=&#8221;google&#8221; font_size=&#8221;24&#8243; font_weight=&#8221;400&#8243; txt_transform=&#8221;capitalize&#8221; ornament_style=&#8221;lemo-single&#8221; nss_align=&#8221;center&#8221; ornament_color=&#8221;#e31e24&#8243; margin_bottom=&#8221;0&#8243;]Products by sector[\/mk_ornamental_title][mk_padding_divider size=&#8221;80&#8243;][vc_row_inner][vc_column_inner width=&#8221;1\/6&#8243;][mk_chart percent=&#8221;41%&#8221; percentage_color=&#8221;#ffffff&#8221; desc=&#8221;Civil Works&#8221; desc_color=&#8221;#ffffff&#8221;][\/vc_column_inner][vc_column_inner width=&#8221;1\/6&#8243;][mk_chart percent=&#8221;10%&#8221; percentage_color=&#8221;#ffffff&#8221; desc=&#8221;Industrial Vehicles&#8221; desc_color=&#8221;#ffffff&#8221;][\/vc_column_inner][vc_column_inner width=&#8221;1\/6&#8243;][mk_chart percent=&#8221;8%&#8221; percentage_color=&#8221;#ffffff&#8221; desc=&#8221;Agricultural Machinery&#8221; desc_color=&#8221;#ffffff&#8221;][\/vc_column_inner][vc_column_inner width=&#8221;1\/6&#8243;][mk_chart percent=&#8221;14%&#8221; percentage_color=&#8221;#ffffff&#8221; desc=&#8221;Mining&#8221; desc_color=&#8221;#ffffff&#8221;][\/vc_column_inner][vc_column_inner width=&#8221;1\/6&#8243;][mk_chart percent=&#8221;7%&#8221; percentage_color=&#8221;#ffffff&#8221; desc=&#8221;Maritime Sector&#8221; desc_color=&#8221;#ffffff&#8221;][\/vc_column_inner][vc_column_inner width=&#8221;1\/6&#8243;][mk_chart percent=&#8221;20%&#8221; percentage_color=&#8221;#ffffff&#8221; desc=&#8221;Energy Sector&#8221; desc_color=&#8221;#ffffff&#8221;][\/vc_column_inner][\/vc_row_inner][vc_row_inner][vc_column_inner][mk_padding_divider size=&#8221;80&#8243;][\/vc_column_inner][\/vc_row_inner][\/vc_column][\/mk_page_section]\n<\/div>","protected":false},"excerpt":{"rendered":"<p>[mk_page_section bg_image=&#8221;https:\/\/www.ugartelantegiak.com\/wp-content\/uploads\/2019\/02\/eolico_ugarte1.jpg&#8221; attachment=&#8221;fixed&#8221; bg_repeat=&#8221;no-repeat&#8221; bg_stretch=&#8221;true&#8221; video_color_mask=&#8221;rgba(0,0,0,0.1)&#8221; video_opacity=&#8221;0.9&#8243; min_height=&#8221;0&#8243; padding_top=&#8221;250&#8243; padding_bottom=&#8221;150&#8243; top_shape_color=&#8221;#ffffff&#8221; bottom_shape_color=&#8221;#ffffff&#8221; sidebar=&#8221;sidebar-1&#8243;][vc_column][mk_fancy_title color=&#8221;#ffffff&#8221; size=&#8221;36&#8243; force_font_size=&#8221;true&#8221; size_phone=&#8221;20&#8243; font_weight=&#8221;400&#8243; txt_transform=&#8221;uppercase&#8221; letter_spacing=&#8221;4&#8243; font_family=&#8221;Raleway&#8221; font_type=&#8221;google&#8221; el_class=&#8221;sombra&#8221;]Fastening solutions for the most innovate sectors.[\/mk_fancy_title][mk_fancy_title color=&#8221;#ffffff&#8221; size=&#8221;13&#8243; force_font_size=&#8221;true&#8221; size_phone=&#8221;10&#8243; font_weight=&#8221;400&#8243; txt_transform=&#8221;uppercase&#8221; letter_spacing=&#8221;4&#8243; font_family=&#8221;Raleway&#8221; font_type=&#8221;google&#8221; el_class=&#8221;sombra&#8221;]Customized solutions.[\/mk_fancy_title][\/vc_column][\/mk_page_section][vc_row][vc_column width=&#8221;1\/2&#8243;][mk_padding_divider size=&#8221;150&#8243;][mk_fancy_title color=&#8221;#34334f&#8221; size=&#8221;30&#8243; font_weight=&#8221;400&#8243; txt_transform=&#8221;none&#8221; margin_bottom=&#8221;10&#8243; font_family=&#8221;Raleway&#8221; font_type=&#8221;google&#8221;]Our products offer confidence and safety in [&hellip;]<\/p>\n","protected":false},"author":2,"featured_media":0,"parent":0,"menu_order":0,"comment_status":"closed","ping_status":"closed","template":"","meta":{"footnotes":""},"class_list":["post-6347","page","type-page","status-publish","hentry"],"yoast_head":"<!-- This site is optimized with the Yoast SEO plugin v27.4 - https:\/\/yoast.com\/product\/yoast-seo-wordpress\/ -->\n<title>Soluciones de sujeci\u00f3n para los sectores m\u00e1s innovadores<\/title>\n<meta name=\"description\" content=\"Soluciones de sujeci\u00f3n para los sectores m\u00e1s innovadores: en Ugarte fabricamos bajo plano desde m\u00e9trica 10 a m\u00e9trica 120 los tornillos m\u00e1s resistentes.\" \/>\n<meta name=\"robots\" content=\"index, follow, max-snippet:-1, max-image-preview:large, max-video-preview:-1\" \/>\n<link rel=\"canonical\" href=\"https:\/\/www.ugartelantegiak.com\/sectores\/\" \/>\n<meta property=\"og:locale\" content=\"en_US\" \/>\n<meta property=\"og:type\" content=\"article\" \/>\n<meta property=\"og:title\" content=\"Soluciones de sujeci\u00f3n para los sectores m\u00e1s innovadores\" \/>\n<meta property=\"og:description\" content=\"Soluciones de sujeci\u00f3n para los sectores m\u00e1s innovadores: en Ugarte fabricamos bajo plano desde m\u00e9trica 10 a m\u00e9trica 120 los tornillos m\u00e1s resistentes.\" \/>\n<meta property=\"og:url\" content=\"https:\/\/www.ugartelantegiak.com\/sectores\/\" \/>\n<meta property=\"og:site_name\" content=\"Ugarte Lantegiak\" \/>\n<meta property=\"article:publisher\" content=\"https:\/\/www.facebook.com\/ugartelantegiak\" \/>\n<meta property=\"article:modified_time\" content=\"2019-03-22T08:30:16+00:00\" \/>\n<meta name=\"twitter:card\" content=\"summary_large_image\" \/>\n<meta name=\"twitter:site\" content=\"@ugartelantegiak\" \/>\n<meta name=\"twitter:label1\" content=\"Est. reading time\" \/>\n\t<meta name=\"twitter:data1\" content=\"7 minutes\" \/>\n<script type=\"application\/ld+json\" class=\"yoast-schema-graph\">{\"@context\":\"https:\\\/\\\/schema.org\",\"@graph\":[{\"@type\":\"WebPage\",\"@id\":\"https:\\\/\\\/www.ugartelantegiak.com\\\/sectores\\\/\",\"url\":\"https:\\\/\\\/www.ugartelantegiak.com\\\/sectores\\\/\",\"name\":\"Soluciones de sujeci\u00f3n para los sectores m\u00e1s innovadores\",\"isPartOf\":{\"@id\":\"https:\\\/\\\/www.ugartelantegiak.com\\\/#website\"},\"datePublished\":\"2016-02-02T07:40:55+00:00\",\"dateModified\":\"2019-03-22T08:30:16+00:00\",\"description\":\"Soluciones de sujeci\u00f3n para los sectores m\u00e1s innovadores: en Ugarte fabricamos bajo plano desde m\u00e9trica 10 a m\u00e9trica 120 los tornillos m\u00e1s resistentes.\",\"breadcrumb\":{\"@id\":\"https:\\\/\\\/www.ugartelantegiak.com\\\/sectores\\\/#breadcrumb\"},\"inLanguage\":\"en-US\",\"potentialAction\":[{\"@type\":\"ReadAction\",\"target\":[\"https:\\\/\\\/www.ugartelantegiak.com\\\/sectores\\\/\"]}]},{\"@type\":\"BreadcrumbList\",\"@id\":\"https:\\\/\\\/www.ugartelantegiak.com\\\/sectores\\\/#breadcrumb\",\"itemListElement\":[{\"@type\":\"ListItem\",\"position\":1,\"name\":\"Portada\",\"item\":\"https:\\\/\\\/www.ugartelantegiak.com\\\/\"},{\"@type\":\"ListItem\",\"position\":2,\"name\":\"Sectors\"}]},{\"@type\":\"WebSite\",\"@id\":\"https:\\\/\\\/www.ugartelantegiak.com\\\/#website\",\"url\":\"https:\\\/\\\/www.ugartelantegiak.com\\\/\",\"name\":\"Ugarte Lantegiak\",\"description\":\"Tornillos y elementos de sujeci\u00f3n industrial\",\"publisher\":{\"@id\":\"https:\\\/\\\/www.ugartelantegiak.com\\\/#organization\"},\"potentialAction\":[{\"@type\":\"SearchAction\",\"target\":{\"@type\":\"EntryPoint\",\"urlTemplate\":\"https:\\\/\\\/www.ugartelantegiak.com\\\/?s={search_term_string}\"},\"query-input\":{\"@type\":\"PropertyValueSpecification\",\"valueRequired\":true,\"valueName\":\"search_term_string\"}}],\"inLanguage\":\"en-US\"},{\"@type\":\"Organization\",\"@id\":\"https:\\\/\\\/www.ugartelantegiak.com\\\/#organization\",\"name\":\"Ugarte Lantegiak\",\"url\":\"https:\\\/\\\/www.ugartelantegiak.com\\\/\",\"logo\":{\"@type\":\"ImageObject\",\"inLanguage\":\"en-US\",\"@id\":\"https:\\\/\\\/www.ugartelantegiak.com\\\/#\\\/schema\\\/logo\\\/image\\\/\",\"url\":\"https:\\\/\\\/www.ugartelantegiak.com\\\/wp-content\\\/uploads\\\/2019\\\/03\\\/logo-ugarte.png\",\"contentUrl\":\"https:\\\/\\\/www.ugartelantegiak.com\\\/wp-content\\\/uploads\\\/2019\\\/03\\\/logo-ugarte.png\",\"width\":1000,\"height\":300,\"caption\":\"Ugarte Lantegiak\"},\"image\":{\"@id\":\"https:\\\/\\\/www.ugartelantegiak.com\\\/#\\\/schema\\\/logo\\\/image\\\/\"},\"sameAs\":[\"https:\\\/\\\/www.facebook.com\\\/ugartelantegiak\",\"https:\\\/\\\/x.com\\\/ugartelantegiak\",\"https:\\\/\\\/www.linkedin.com\\\/company\\\/ugartelantegiak\"]}]}<\/script>\n<!-- \/ Yoast SEO plugin. -->","yoast_head_json":{"title":"Soluciones de sujeci\u00f3n para los sectores m\u00e1s innovadores","description":"Soluciones de sujeci\u00f3n para los sectores m\u00e1s innovadores: en Ugarte fabricamos bajo plano desde m\u00e9trica 10 a m\u00e9trica 120 los tornillos m\u00e1s resistentes.","robots":{"index":"index","follow":"follow","max-snippet":"max-snippet:-1","max-image-preview":"max-image-preview:large","max-video-preview":"max-video-preview:-1"},"canonical":"https:\/\/www.ugartelantegiak.com\/sectores\/","og_locale":"en_US","og_type":"article","og_title":"Soluciones de sujeci\u00f3n para los sectores m\u00e1s innovadores","og_description":"Soluciones de sujeci\u00f3n para los sectores m\u00e1s innovadores: en Ugarte fabricamos bajo plano desde m\u00e9trica 10 a m\u00e9trica 120 los tornillos m\u00e1s resistentes.","og_url":"https:\/\/www.ugartelantegiak.com\/sectores\/","og_site_name":"Ugarte Lantegiak","article_publisher":"https:\/\/www.facebook.com\/ugartelantegiak","article_modified_time":"2019-03-22T08:30:16+00:00","twitter_card":"summary_large_image","twitter_site":"@ugartelantegiak","twitter_misc":{"Est. reading time":"7 minutes"},"schema":{"@context":"https:\/\/schema.org","@graph":[{"@type":"WebPage","@id":"https:\/\/www.ugartelantegiak.com\/sectores\/","url":"https:\/\/www.ugartelantegiak.com\/sectores\/","name":"Soluciones de sujeci\u00f3n para los sectores m\u00e1s innovadores","isPartOf":{"@id":"https:\/\/www.ugartelantegiak.com\/#website"},"datePublished":"2016-02-02T07:40:55+00:00","dateModified":"2019-03-22T08:30:16+00:00","description":"Soluciones de sujeci\u00f3n para los sectores m\u00e1s innovadores: en Ugarte fabricamos bajo plano desde m\u00e9trica 10 a m\u00e9trica 120 los tornillos m\u00e1s resistentes.","breadcrumb":{"@id":"https:\/\/www.ugartelantegiak.com\/sectores\/#breadcrumb"},"inLanguage":"en-US","potentialAction":[{"@type":"ReadAction","target":["https:\/\/www.ugartelantegiak.com\/sectores\/"]}]},{"@type":"BreadcrumbList","@id":"https:\/\/www.ugartelantegiak.com\/sectores\/#breadcrumb","itemListElement":[{"@type":"ListItem","position":1,"name":"Portada","item":"https:\/\/www.ugartelantegiak.com\/"},{"@type":"ListItem","position":2,"name":"Sectors"}]},{"@type":"WebSite","@id":"https:\/\/www.ugartelantegiak.com\/#website","url":"https:\/\/www.ugartelantegiak.com\/","name":"Ugarte Lantegiak","description":"Tornillos y elementos de sujeci\u00f3n industrial","publisher":{"@id":"https:\/\/www.ugartelantegiak.com\/#organization"},"potentialAction":[{"@type":"SearchAction","target":{"@type":"EntryPoint","urlTemplate":"https:\/\/www.ugartelantegiak.com\/?s={search_term_string}"},"query-input":{"@type":"PropertyValueSpecification","valueRequired":true,"valueName":"search_term_string"}}],"inLanguage":"en-US"},{"@type":"Organization","@id":"https:\/\/www.ugartelantegiak.com\/#organization","name":"Ugarte Lantegiak","url":"https:\/\/www.ugartelantegiak.com\/","logo":{"@type":"ImageObject","inLanguage":"en-US","@id":"https:\/\/www.ugartelantegiak.com\/#\/schema\/logo\/image\/","url":"https:\/\/www.ugartelantegiak.com\/wp-content\/uploads\/2019\/03\/logo-ugarte.png","contentUrl":"https:\/\/www.ugartelantegiak.com\/wp-content\/uploads\/2019\/03\/logo-ugarte.png","width":1000,"height":300,"caption":"Ugarte Lantegiak"},"image":{"@id":"https:\/\/www.ugartelantegiak.com\/#\/schema\/logo\/image\/"},"sameAs":["https:\/\/www.facebook.com\/ugartelantegiak","https:\/\/x.com\/ugartelantegiak","https:\/\/www.linkedin.com\/company\/ugartelantegiak"]}]}},"amp_enabled":true,"_links":{"self":[{"href":"https:\/\/www.ugartelantegiak.com\/en\/wp-json\/wp\/v2\/pages\/6347","targetHints":{"allow":["GET"]}}],"collection":[{"href":"https:\/\/www.ugartelantegiak.com\/en\/wp-json\/wp\/v2\/pages"}],"about":[{"href":"https:\/\/www.ugartelantegiak.com\/en\/wp-json\/wp\/v2\/types\/page"}],"author":[{"embeddable":true,"href":"https:\/\/www.ugartelantegiak.com\/en\/wp-json\/wp\/v2\/users\/2"}],"replies":[{"embeddable":true,"href":"https:\/\/www.ugartelantegiak.com\/en\/wp-json\/wp\/v2\/comments?post=6347"}],"version-history":[{"count":12,"href":"https:\/\/www.ugartelantegiak.com\/en\/wp-json\/wp\/v2\/pages\/6347\/revisions"}],"predecessor-version":[{"id":7074,"href":"https:\/\/www.ugartelantegiak.com\/en\/wp-json\/wp\/v2\/pages\/6347\/revisions\/7074"}],"wp:attachment":[{"href":"https:\/\/www.ugartelantegiak.com\/en\/wp-json\/wp\/v2\/media?parent=6347"}],"curies":[{"name":"wp","href":"https:\/\/api.w.org\/{rel}","templated":true}]}}